{"id":15,"date":"2019-09-18T10:11:16","date_gmt":"2019-09-18T10:11:16","guid":{"rendered":"http:\/\/josef.schaubruch.com\/?page_id=15"},"modified":"2019-09-18T10:18:30","modified_gmt":"2019-09-18T10:18:30","slug":"cv","status":"publish","type":"page","link":"http:\/\/josef.schaubruch.com\/?page_id=15","title":{"rendered":"CV"},"content":{"rendered":"\n<table id=\"tablepress-1\" class=\"tablepress tablepress-id-1\">\n<tbody>\n<tr class=\"row-1\">\n\t<td class=\"column-1\">ab 2023<\/td><td class=\"column-2\"><strong>Wissenschaftlicher Mitarbeiter<\/strong> (Post-Doc) an der Hochschule f\u00fcr Musik Mainz<\/td>\n<\/tr>\n<tr class=\"row-2\">\n\t<td class=\"column-1\">2022-23<\/td><td class=\"column-2\"><strong>Studienrat<\/strong> an einem Gymnasium<\/td>\n<\/tr>\n<tr class=\"row-3\">\n\t<td class=\"column-1\">2020-22<\/td><td class=\"column-2\"><strong>Referendariat<\/strong> am Studienseminar Wiesbaden f\u00fcr das Lehramt an Gymnasien<\/td>\n<\/tr>\n<tr class=\"row-4\">\n\t<td class=\"column-1\">2021-23<\/td><td class=\"column-2\"><strong>Lehrauftr\u00e4ge<\/strong> an der Hochschule f\u00fcr Musik Mainz und der Universit\u00e4t Paderborn<\/td>\n<\/tr>\n<tr class=\"row-5\">\n\t<td class=\"column-1\">2021<\/td><td class=\"column-2\"><strong>Promotion<\/strong> zum Dr. phil. an der Leuphana Universit\u00e4t L\u00fcneburg bei Prof. Michael Ahlers, Prof. Johannes Ismaiel-Wendt (Universit\u00e4t Hildesheim) und Prof. Andr\u00e9 Doehring (Kunstuniversit\u00e4t Graz)<\/td>\n<\/tr>\n<tr class=\"row-6\">\n\t<td class=\"column-1\">2016-18<\/td><td class=\"column-2\"><strong>Stipendium<\/strong> der Leuphana Universit\u00e4t L\u00fcneburg<\/td>\n<\/tr>\n<tr class=\"row-7\">\n\t<td class=\"column-1\">2015<\/td><td class=\"column-2\"><strong>Aufbaustudium Philosophie\/Ethik <\/strong> f\u00fcr das gymnasiale Lehramt an der Johannes Gutenberg-Universit\u00e4t in Mainz<\/td>\n<\/tr>\n<tr class=\"row-8\">\n\t<td class=\"column-1\">2014<\/td><td class=\"column-2\"><strong>Master of Education<\/strong> (mit Auszeichnung) in den F\u00e4chern Musik, Germanistik, Bildungswissenschaften an der Johannes Gutenberg-Universit\u00e4t &amp; Hochschule f\u00fcr Musik in Mainz<\/td>\n<\/tr>\n<tr class=\"row-9\">\n\t<td class=\"column-1\">2012-16<\/td><td class=\"column-2\">Lehrt\u00e4tigkeit im Einzel- und Gruppenunterricht (Schlagzeug, Percussion, Live-Electronics)<\/td>\n<\/tr>\n<tr class=\"row-10\">\n\t<td class=\"column-1\">2012<\/td><td class=\"column-2\"><strong>Bachelor of Education<\/strong> in den F\u00e4chern Musik, Germanistik, Bildungswissenschaften an der Johannes Gutenberg-Universit\u00e4t Mainz, Hochschule f\u00fcr Musik Mainz und der Ruprecht-Karls-Universit\u00e4t Heidelberg<\/td>\n<\/tr>\n<tr class=\"row-11\">\n\t<td class=\"column-1\">2007<\/td><td class=\"column-2\"><strong>Zivildienst<\/strong> bei der Arbeiterwohlfahrt in Freiburg<\/td>\n<\/tr>\n<tr class=\"row-12\">\n\t<td class=\"column-1\">2006<\/td><td class=\"column-2\"><strong>Abitur<\/strong> am Herzog-Johann-Gymnasium, Simmern (Hunsr\u00fcck)<\/td>\n<\/tr>\n<\/tbody>\n<\/table>\n<!-- #tablepress-1 from cache -->\n","protected":false},"excerpt":{"rendered":"","protected":false},"author":1,"featured_media":0,"parent":0,"menu_order":0,"comment_status":"closed","ping_status":"closed","template":"","meta":[],"_links":{"self":[{"href":"http:\/\/josef.schaubruch.com\/index.php?rest_route=\/wp\/v2\/pages\/15"}],"collection":[{"href":"http:\/\/josef.schaubruch.com\/index.php?rest_route=\/wp\/v2\/pages"}],"about":[{"href":"http:\/\/josef.schaubruch.com\/index.php?rest_route=\/wp\/v2\/types\/page"}],"author":[{"embeddable":true,"href":"http:\/\/josef.schaubruch.com\/index.php?rest_route=\/wp\/v2\/users\/1"}],"replies":[{"embeddable":true,"href":"http:\/\/josef.schaubruch.com\/index.php?rest_route=%2Fwp%2Fv2%2Fcomments&post=15"}],"version-history":[{"count":3,"href":"http:\/\/josef.schaubruch.com\/index.php?rest_route=\/wp\/v2\/pages\/15\/revisions"}],"predecessor-version":[{"id":74,"href":"http:\/\/josef.schaubruch.com\/index.php?rest_route=\/wp\/v2\/pages\/15\/revisions\/74"}],"wp:attachment":[{"href":"http:\/\/josef.schaubruch.com\/index.php?rest_route=%2Fwp%2Fv2%2Fmedia&parent=15"}],"curies":[{"name":"wp","href":"https:\/\/api.w.org\/{rel}","templated":true}]}}